{"id":19,"date":"2025-03-24T16:34:27","date_gmt":"2025-03-24T15:34:27","guid":{"rendered":"https:\/\/my.mxmag.be\/ampl?page_id=19"},"modified":"2026-03-27T11:09:01","modified_gmt":"2026-03-27T10:09:01","slug":"horaire","status":"publish","type":"page","link":"https:\/\/ampl.be\/?page_id=19","title":{"rendered":"Horaire"},"content":{"rendered":"<div class=\"fusion-fullwidth fullwidth-box fusion-builder-row-1 fusion-flex-container has-pattern-background has-mask-background nonhundred-percent-fullwidth non-hundred-percent-height-scrolling\" style=\"--awb-border-radius-top-left:0px;--awb-border-radius-top-right:0px;--awb-border-radius-bottom-right:0px;--awb-border-radius-bottom-left:0px;--awb-flex-wrap:wrap;\" ><div class=\"fusion-builder-row fusion-row fusion-flex-align-items-flex-start fusion-flex-content-wrap\" style=\"max-width:1248px;margin-left: calc(-4% \/ 2 );margin-right: calc(-4% \/ 2 );\"><div class=\"fusion-layout-column fusion_builder_column fusion-builder-column-0 fusion_builder_column_1_1 1_1 fusion-flex-column\" style=\"--awb-bg-size:cover;--awb-width-large:100%;--awb-margin-top-large:0px;--awb-spacing-right-large:1.92%;--awb-margin-bottom-large:20px;--awb-spacing-left-large:1.92%;--awb-width-medium:100%;--awb-order-medium:0;--awb-spacing-right-medium:1.92%;--awb-spacing-left-medium:1.92%;--awb-width-small:100%;--awb-order-small:0;--awb-spacing-right-small:1.92%;--awb-spacing-left-small:1.92%;\"><div class=\"fusion-column-wrapper fusion-column-has-shadow fusion-flex-justify-content-flex-start fusion-content-layout-column\"><div class=\"fusion-text fusion-text-1 fusion-text-no-margin\" style=\"--awb-margin-top:30px;--awb-margin-bottom:30px;\"><p>Retrouvez ci-dessous l&rsquo;ordre de d\u00e9roulement des courses sur les organisations AMPL pour la saison 2026. La journ\u00e9e d\u00e9bute \u00e0 l&rsquo;heure indiqu\u00e9e, les s\u00e9ances d&rsquo;entra\u00eenement et les courses s&rsquo;encha\u00eenent ensuite dans l&rsquo;ordre \u00e9tabli sans tenir compte de l&rsquo;heure. Il appartient donc au pilote d&rsquo;\u00eatre attentif au d\u00e9roulement des courses afin de se pr\u00e9senter au moment voulu au parc ferm\u00e9.<\/p>\n<\/div><div class=\"fusion-text fusion-text-2\"><p><strong>SAMEDI<\/strong><\/p>\n<p>ENTRAINEMENTS (D\u00e9but \u00e0 11h00)<\/p>\n<ul>\n<li>Quads<\/li>\n<li>Ecolages 50cc<\/li>\n<li>Ecolages65cc<\/li>\n<li>Ecolages 85cc<\/li>\n<li>Ladies<\/li>\n<li>Pr\u00e9s 94<\/li>\n<li>Non Licenci\u00e9s<\/li>\n<li>Open 125<\/li>\n<\/ul>\n<p>PREMIERES MANCHES<\/p>\n<ul>\n<li>Quads<\/li>\n<li>Ecolages 50cc<\/li>\n<li>Ecolages65cc<\/li>\n<li>Ecolages 85cc<\/li>\n<li>Ladies<\/li>\n<li>Pr\u00e9s 94<\/li>\n<li>Non Licenci\u00e9s<\/li>\n<li>Open 125<\/li>\n<\/ul>\n<p>PAUSE<\/p>\n<p>DEUXIEMES MANCHES<\/p>\n<ul>\n<li>Quads<\/li>\n<li>Ecolages 50cc<\/li>\n<li>Ecolages65cc<\/li>\n<li>Ecolages 85cc<\/li>\n<li>Ladies<\/li>\n<li>Pr\u00e9s 94<\/li>\n<li>Non Licenci\u00e9s<\/li>\n<\/ul>\n<p>TROISIEMES MANCHES<\/p>\n<ul>\n<li>Ecolages 65cc<\/li>\n<li>Ecolages 85cc<\/li>\n<li>Open 125 (Deuxi\u00e8me manche)<\/li>\n<\/ul>\n<\/div><div class=\"fusion-text fusion-text-3\"><p><strong>DIMANCHE<\/strong><\/p>\n<table width=\"95%\">\n<tbody>\n<tr>\n<td width=\"189\">D\u00e9but : 8h00<\/td>\n<td width=\"124\"><\/td>\n<\/tr>\n<tr>\n<td><\/td>\n<td><\/td>\n<\/tr>\n<tr>\n<td><strong>ENTRA\u00ceNEMENTS<\/strong><\/td>\n<td><\/td>\n<\/tr>\n<tr>\n<td><\/td>\n<td><\/td>\n<\/tr>\n<tr>\n<td>D\u00e9butants Noir<\/td>\n<td>10 min<\/td>\n<\/tr>\n<tr>\n<td>D\u00e9butants Rouge<\/td>\n<td>10 min<\/td>\n<\/tr>\n<tr>\n<td>Inters Mx2<\/td>\n<td>10 min<\/td>\n<\/tr>\n<tr>\n<td>Espoirs<\/td>\n<td>10 min<\/td>\n<\/tr>\n<tr>\n<td>Inters Mx1<\/td>\n<td>10 min<\/td>\n<\/tr>\n<tr>\n<td>Juniors Blanc<\/td>\n<td>10 min<\/td>\n<\/tr>\n<tr>\n<td>Junior Rouge<\/td>\n<td>10 min<\/td>\n<\/tr>\n<tr>\n<td>Experts<\/td>\n<td>10 min<\/td>\n<\/tr>\n<tr>\n<td>Seniors<\/td>\n<td>10 min<\/td>\n<\/tr>\n<tr>\n<td>Non-licenci\u00e9s<\/td>\n<td>10 min<\/td>\n<\/tr>\n<tr>\n<td><\/td>\n<td><\/td>\n<\/tr>\n<tr>\n<td><strong>MANCHES 1<\/strong><\/td>\n<td><\/td>\n<\/tr>\n<tr>\n<td><\/td>\n<td><\/td>\n<\/tr>\n<tr>\n<td>D\u00e9butants Noir<\/td>\n<td>10 min + 1t<\/td>\n<\/tr>\n<tr>\n<td>D\u00e9butants Rouge<\/td>\n<td>10 min + 1t<\/td>\n<\/tr>\n<tr>\n<td>Inters MX2<\/td>\n<td>21 min + 1t<\/td>\n<\/tr>\n<tr>\n<td>Espoirs<\/td>\n<td>16 min + 1t<\/td>\n<\/tr>\n<tr>\n<td>Inters MX1<\/td>\n<td>21 min + 1t<\/td>\n<\/tr>\n<tr>\n<td>Juniors Blanc<\/td>\n<td>11 min + 1t<\/td>\n<\/tr>\n<tr>\n<td>Juniors Rouge<\/td>\n<td>11 min + 1t<\/td>\n<\/tr>\n<tr>\n<td>Pause<\/td>\n<td>45 min<\/td>\n<\/tr>\n<tr>\n<td>Non licenci\u00e9s<\/td>\n<td>10 min + 1t<\/td>\n<\/tr>\n<tr>\n<td>Experts<\/td>\n<td>13 min + 1t<\/td>\n<\/tr>\n<tr>\n<td>Seniors<\/td>\n<td>16 min + 1t<\/td>\n<\/tr>\n<tr>\n<td><\/td>\n<td><\/td>\n<\/tr>\n<tr>\n<td><strong>MANCHES 2<\/strong><\/td>\n<td><\/td>\n<\/tr>\n<tr>\n<td><\/td>\n<td><\/td>\n<\/tr>\n<tr>\n<td>Last chance d\u00e9butants<\/td>\n<td>10 min + 1t<\/td>\n<\/tr>\n<tr>\n<td>Last chance juniors<\/td>\n<td>11 min + 1t<\/td>\n<\/tr>\n<tr>\n<td>Inters MX2<\/td>\n<td>21 min + 1t<\/td>\n<\/tr>\n<tr>\n<td>Espoirs<\/td>\n<td>16 min + 1t<\/td>\n<\/tr>\n<tr>\n<td>Inters MX1<\/td>\n<td>21 min + 1t<\/td>\n<\/tr>\n<tr>\n<td>Finale D\u00e9butants<\/td>\n<td>10 min + 1t<\/td>\n<\/tr>\n<tr>\n<td>Finale Juniors<\/td>\n<td>11 min + 1t<\/td>\n<\/tr>\n<tr>\n<td>Non licenci\u00e9s<\/td>\n<td>10 min + 1t<\/td>\n<\/tr>\n<tr>\n<td>Experts<\/td>\n<td>13 min + 1t<\/td>\n<\/tr>\n<tr>\n<td>Seniors<\/p>\n<p>Superfinale<\/td>\n<td>16 min + 1t<\/p>\n<p>21 min + 1t<\/td>\n<\/tr>\n<\/tbody>\n<\/table>\n<\/div><\/div><\/div><\/div><\/div>\n","protected":false},"excerpt":{"rendered":"","protected":false},"author":1,"featured_media":0,"parent":0,"menu_order":0,"comment_status":"closed","ping_status":"closed","template":"100-width.php","meta":{"footnotes":""},"class_list":["post-19","page","type-page","status-publish","hentry"],"_links":{"self":[{"href":"https:\/\/ampl.be\/index.php?rest_route=\/wp\/v2\/pages\/19","targetHints":{"allow":["GET"]}}],"collection":[{"href":"https:\/\/ampl.be\/index.php?rest_route=\/wp\/v2\/pages"}],"about":[{"href":"https:\/\/ampl.be\/index.php?rest_route=\/wp\/v2\/types\/page"}],"author":[{"embeddable":true,"href":"https:\/\/ampl.be\/index.php?rest_route=\/wp\/v2\/users\/1"}],"replies":[{"embeddable":true,"href":"https:\/\/ampl.be\/index.php?rest_route=%2Fwp%2Fv2%2Fcomments&post=19"}],"version-history":[{"count":7,"href":"https:\/\/ampl.be\/index.php?rest_route=\/wp\/v2\/pages\/19\/revisions"}],"predecessor-version":[{"id":34244,"href":"https:\/\/ampl.be\/index.php?rest_route=\/wp\/v2\/pages\/19\/revisions\/34244"}],"wp:attachment":[{"href":"https:\/\/ampl.be\/index.php?rest_route=%2Fwp%2Fv2%2Fmedia&parent=19"}],"curies":[{"name":"wp","href":"https:\/\/api.w.org\/{rel}","templated":true}]}}